{"id":5744,"date":"2024-07-09T19:51:46","date_gmt":"2024-07-09T16:51:46","guid":{"rendered":"https:\/\/eon.gr\/lv\/?page_id=5744"},"modified":"2024-10-31T18:01:30","modified_gmt":"2024-10-31T16:01:30","slug":"mariaroutchine-es","status":"publish","type":"page","link":"https:\/\/eon.gr\/lv\/?page_id=5744&lang=es","title":{"rendered":"ES-MariaRoutchine"},"content":{"rendered":"\t\t<div data-elementor-type=\"wp-page\" data-elementor-id=\"5744\" class=\"elementor elementor-5744\">\n\t\t\t\t\t\t<section class=\"elementor-section elementor-top-section elementor-element elementor-element-7e88e5f8 elementor-section-boxed elementor-section-height-default elementor-section-height-default\" data-id=\"7e88e5f8\" data-element_type=\"section\" data-e-type=\"section\" data-settings=\"{&quot;background_background&quot;:&quot;classic&quot;}\">\n\t\t\t\t\t\t\t<div class=\"elementor-background-overlay\"><\/div>\n\t\t\t\t\t\t\t<div class=\"elementor-container elementor-column-gap-default\">\n\t\t\t\t\t<div class=\"elementor-column elementor-col-100 elementor-top-column elementor-element elementor-element-727a60e5\" data-id=\"727a60e5\" data-element_type=\"column\" data-e-type=\"column\">\n\t\t\t<div class=\"elementor-widget-wrap elementor-element-populated\">\n\t\t\t\t\t\t<div class=\"elementor-element elementor-element-1d1770ae elementor-widget elementor-widget-text-editor\" data-id=\"1d1770ae\" data-element_type=\"widget\" data-e-type=\"widget\" data-widget_type=\"text-editor.default\">\n\t\t\t\t<div class=\"elementor-widget-container\">\n\t\t\t\t\t\t\t\t\t<h5><strong><img fetchpriority=\"high\" decoding=\"async\" class=\"alignleft wp-image-3110 size-medium\" src=\"https:\/\/eon.gr\/lv\/wp-content\/uploads\/2023\/04\/www_Dora-213x300.jpg\" alt=\"\" width=\"213\" height=\"300\" srcset=\"https:\/\/eon.gr\/lv\/wp-content\/uploads\/2023\/04\/www_Dora-213x300.jpg 213w, https:\/\/eon.gr\/lv\/wp-content\/uploads\/2023\/04\/www_Dora.jpg 276w\" sizes=\"(max-width: 213px) 100vw, 213px\" \/><em><span style=\"color: #0000ff;\">Marie (Mar\u00eda) Routchine-Dupr\u00e9 (1883-1918)<\/span><\/em><\/strong><\/h5><h5>Maria Routchine naci\u00f3 en Odessa el 25 de noviembre de 1883. Muy joven emigr\u00f3 con su familia a Par\u00eds, donde se estableci\u00f3 (1885).<\/h5><h5>A los 15 a\u00f1os aprendi\u00f3 a pintar y dibujar y se especializ\u00f3 en el estudio de las flores. Pintaba flores con amor y m\u00e1s tarde las estudi\u00f3 tanto que conoc\u00eda todas las variedades al detalle. La pintura de flores se convirti\u00f3 en su profesi\u00f3n.<\/h5><h5>Desde muy joven manifest\u00f3 su amor por los seres humanos, especialmente por la mujer socialmente oprimida, que fue objeto constante de su inter\u00e9s. Y fue precisamente este anhelo, por amor al hombre y a la humanidad, lo que llev\u00f3 a Mar\u00eda a recibir de una fuente espiritual suprema nuevas revelaciones de verdades, que registr\u00f3, organiz\u00f3 y ofreci\u00f3 a la humanidad a trav\u00e9s de su obra.<\/h5><h5><span style=\"color: #000000;\"><span style=\"font-family: Verdana, serif;\">Fue contactada (1906) por Eug\u00e8ne Dupr\u00e9, un dise\u00f1ador mec\u00e1nico franc\u00e9s, con quien se cas\u00f3 en el Cairo, Egipto (1908), donde se establecieron como familia. En el Cairo, Dupr\u00e9 conoci\u00f3 a D\u00e9m\u00e9trius S\u00e9m\u00e9las (1910) y desarroll\u00f3 con \u00e9l profundos v\u00ednculos intelectuales, as\u00ed como una estrecha colaboracion.<\/span><\/span><\/h5><h5><span style=\"font-size: 16px;\">Despu\u00e9s de sucesivos arrestos espirituales, durante el per\u00edodo 1913-1915, Mar\u00eda form\u00f3 su doctrina personal, se\u00f1alando las causas y la cura del sufrimiento humano, tanto individual como colectivo.<\/span><\/h5><h5><span style=\"color: #000000;\"><span style=\"font-family: Verdana, serif;\">Para gestionar y realizar este concepto crucial, Mar\u00eda fund\u00f3 la Orden del\u00a0<\/span><\/span><span style=\"color: #000000;\"><span style=\"font-family: Verdana, serif;\">Lirio y del \u00c1guila, en el Cairo, Egipto, el 6\/19 de enero de 1915, con el apoyo de Demetrio Semelas y en presencia de tres de sus alumnos y testigos de este acto oficial.<\/span><\/span><\/h5><h5><span style=\"color: #000000;\"><span style=\"font-family: Verdana, serif;\">Inmediatamente despu\u00e9s (el 4 de febrero de 1915), regres\u00f3 a un Par\u00eds devastado por la guerra, donde su marido Eug\u00e8ne era soldado. Desde all\u00ed trabaj\u00f3 incansablemente, transmitiendo inspiradoras ense\u00f1anzas a sus alumnos de Par\u00eds, el Cairo y Atenas.<\/span><\/span><\/h5><h5><span style=\"font-size: 16px;\">Con su prematura muerte, tras una grave y corta enfermedad, en Par\u00eds, el 30 de enero de 1918, a la edad de 34 a\u00f1os, Marie Routchine-Dupr\u00e9 leg\u00f3 a la humanidad una obra intelectual extremadamente importante para nuestro tiempo. Esta obra fue completada posteriormente (1919-1924) por Dimitrios Semelas, que contin\u00faa en la actualidad en el O.L+<\/span><span style=\"font-size: 16px;\">\u00c1<\/span><\/h5>\t\t\t\t\t\t\t\t<\/div>\n\t\t\t\t<\/div>\n\t\t\t\t<div class=\"elementor-element elementor-element-8853e0e elementor-widget elementor-widget-text-editor\" data-id=\"8853e0e\" data-element_type=\"widget\" data-e-type=\"widget\" data-widget_type=\"text-editor.default\">\n\t\t\t\t<div class=\"elementor-widget-container\">\n\t\t\t\t\t\t\t\t\t<h5>\u00a0<\/h5>\t\t\t\t\t\t\t\t<\/div>\n\t\t\t\t<\/div>\n\t\t\t\t\t<\/div>\n\t\t<\/div>\n\t\t\t\t\t<\/div>\n\t\t<\/section>\n\t\t\t\t<\/div>\n\t\t","protected":false},"excerpt":{"rendered":"<p>Marie (Mar\u00eda) Routchine-Dupr\u00e9 (1883-1918) Maria Routchine naci\u00f3 en Odessa el 25 de noviembre de 1883. Muy joven emigr\u00f3 con su familia a Par\u00eds, donde se estableci\u00f3 (1885). A los 15 a\u00f1os aprendi\u00f3 a pintar y dibujar y se especializ\u00f3 en el estudio de las flores. Pintaba flores con amor y m\u00e1s tarde las estudi\u00f3 tanto [&hellip;]<\/p>\n","protected":false},"author":1,"featured_media":0,"parent":0,"menu_order":0,"comment_status":"closed","ping_status":"closed","template":"","meta":{"ocean_post_layout":"","ocean_both_sidebars_style":"","ocean_both_sidebars_content_width":0,"ocean_both_sidebars_sidebars_width":0,"ocean_sidebar":"0","ocean_second_sidebar":"0","ocean_disable_margins":"enable","ocean_add_body_class":"","ocean_shortcode_before_top_bar":"","ocean_shortcode_after_top_bar":"","ocean_shortcode_before_header":"","ocean_shortcode_after_header":"","ocean_has_shortcode":"","ocean_shortcode_after_title":"","ocean_shortcode_before_footer_widgets":"","ocean_shortcode_after_footer_widgets":"","ocean_shortcode_before_footer_bottom":"","ocean_shortcode_after_footer_bottom":"","ocean_display_top_bar":"default","ocean_display_header":"default","ocean_header_style":"","ocean_center_header_left_menu":"0","ocean_custom_header_template":"0","ocean_custom_logo":0,"ocean_custom_retina_logo":0,"ocean_custom_logo_max_width":0,"ocean_custom_logo_tablet_max_width":0,"ocean_custom_logo_mobile_max_width":0,"ocean_custom_logo_max_height":0,"ocean_custom_logo_tablet_max_height":0,"ocean_custom_logo_mobile_max_height":0,"ocean_header_custom_menu":"0","ocean_menu_typo_font_family":"0","ocean_menu_typo_font_subset":"","ocean_menu_typo_font_size":0,"ocean_menu_typo_font_size_tablet":0,"ocean_menu_typo_font_size_mobile":0,"ocean_menu_typo_font_size_unit":"px","ocean_menu_typo_font_weight":"","ocean_menu_typo_font_weight_tablet":"","ocean_menu_typo_font_weight_mobile":"","ocean_menu_typo_transform":"","ocean_menu_typo_transform_tablet":"","ocean_menu_typo_transform_mobile":"","ocean_menu_typo_line_height":0,"ocean_menu_typo_line_height_tablet":0,"ocean_menu_typo_line_height_mobile":0,"ocean_menu_typo_line_height_unit":"","ocean_menu_typo_spacing":0,"ocean_menu_typo_spacing_tablet":0,"ocean_menu_typo_spacing_mobile":0,"ocean_menu_typo_spacing_unit":"","ocean_menu_link_color":"","ocean_menu_link_color_hover":"","ocean_menu_link_color_active":"","ocean_menu_link_background":"","ocean_menu_link_hover_background":"","ocean_menu_link_active_background":"","ocean_menu_social_links_bg":"","ocean_menu_social_hover_links_bg":"","ocean_menu_social_links_color":"","ocean_menu_social_hover_links_color":"","ocean_disable_title":"default","ocean_disable_heading":"default","ocean_post_title":"","ocean_post_subheading":"","ocean_post_title_style":"","ocean_post_title_background_color":"","ocean_post_title_background":0,"ocean_post_title_bg_image_position":"","ocean_post_title_bg_image_attachment":"","ocean_post_title_bg_image_repeat":"","ocean_post_title_bg_image_size":"","ocean_post_title_height":0,"ocean_post_title_bg_overlay":0.5,"ocean_post_title_bg_overlay_color":"","ocean_disable_breadcrumbs":"default","ocean_breadcrumbs_color":"","ocean_breadcrumbs_separator_color":"","ocean_breadcrumbs_links_color":"","ocean_breadcrumbs_links_hover_color":"","ocean_display_footer_widgets":"default","ocean_display_footer_bottom":"default","ocean_custom_footer_template":"0","footnotes":""},"class_list":["post-5744","page","type-page","status-publish","hentry","entry"],"_links":{"self":[{"href":"https:\/\/eon.gr\/lv\/index.php?rest_route=\/wp\/v2\/pages\/5744","targetHints":{"allow":["GET"]}}],"collection":[{"href":"https:\/\/eon.gr\/lv\/index.php?rest_route=\/wp\/v2\/pages"}],"about":[{"href":"https:\/\/eon.gr\/lv\/index.php?rest_route=\/wp\/v2\/types\/page"}],"author":[{"embeddable":true,"href":"https:\/\/eon.gr\/lv\/index.php?rest_route=\/wp\/v2\/users\/1"}],"replies":[{"embeddable":true,"href":"https:\/\/eon.gr\/lv\/index.php?rest_route=%2Fwp%2Fv2%2Fcomments&post=5744"}],"version-history":[{"count":17,"href":"https:\/\/eon.gr\/lv\/index.php?rest_route=\/wp\/v2\/pages\/5744\/revisions"}],"predecessor-version":[{"id":7803,"href":"https:\/\/eon.gr\/lv\/index.php?rest_route=\/wp\/v2\/pages\/5744\/revisions\/7803"}],"wp:attachment":[{"href":"https:\/\/eon.gr\/lv\/index.php?rest_route=%2Fwp%2Fv2%2Fmedia&parent=5744"}],"curies":[{"name":"wp","href":"https:\/\/api.w.org\/{rel}","templated":true}]}}