{"id":5734,"date":"2024-07-09T19:47:32","date_gmt":"2024-07-09T16:47:32","guid":{"rendered":"https:\/\/eon.gr\/lv\/?page_id=5734"},"modified":"2024-10-31T17:58:53","modified_gmt":"2024-10-31T15:58:53","slug":"dimitriossemelas-es","status":"publish","type":"page","link":"https:\/\/eon.gr\/lv\/?page_id=5734&lang=es","title":{"rendered":"ES-DimitriosSemelas"},"content":{"rendered":"\t\t<div data-elementor-type=\"wp-page\" data-elementor-id=\"5734\" class=\"elementor elementor-5734\">\n\t\t\t\t<div class=\"elementor-element elementor-element-217b09e e-flex e-con-boxed e-con e-parent\" data-id=\"217b09e\" data-element_type=\"container\" data-e-type=\"container\" data-settings=\"{&quot;background_background&quot;:&quot;classic&quot;}\">\n\t\t\t\t\t<div class=\"e-con-inner\">\n\t\t\t\t<div class=\"elementor-element elementor-element-ef8f212 elementor-widget elementor-widget-text-editor\" data-id=\"ef8f212\" data-element_type=\"widget\" data-e-type=\"widget\" data-widget_type=\"text-editor.default\">\n\t\t\t\t<div class=\"elementor-widget-container\">\n\t\t\t\t\t\t\t\t\t<h5><strong><img fetchpriority=\"high\" decoding=\"async\" class=\"alignleft wp-image-3109 size-medium\" src=\"https:\/\/eon.gr\/lv\/wp-content\/uploads\/2023\/04\/www_Doros-213x300.jpg\" alt=\"\" width=\"213\" height=\"300\" srcset=\"https:\/\/eon.gr\/lv\/wp-content\/uploads\/2023\/04\/www_Doros-213x300.jpg 213w, https:\/\/eon.gr\/lv\/wp-content\/uploads\/2023\/04\/www_Doros.jpg 276w\" sizes=\"(max-width: 213px) 100vw, 213px\" \/><em><span style=\"color: #0000ff;\">Demetrio Plat\u00f3n Semelas (1884 &#8211; 1924)<\/span><\/em><br \/><\/strong><\/h5><h5>Dimitrios Platonos Semelas naci\u00f3 el 14 de mayo de 1884 en Silyvria, Tracia, y estudi\u00f3 en la Escuela Francesa y Comercial de Constantinopla.<\/h5><h5>Inmediatamente despu\u00e9s (~1900), debido a dificultades econ\u00f3micas, se traslad\u00f3 a El Cairo (Egipto) para trabajar. Al mismo tiempo, se dedic\u00f3 al estudio de la cultura egipcia para posteriormente sacar a la luz aspectos desconocidos de la misma.<\/h5><h5>A la edad de unos 19 a\u00f1os, debido a serias experiencias espirituales, se traslad\u00f3 a Atenas (Grecia), donde comenz\u00f3 a estudiar medicina. Durante su estancia all\u00ed, descubri\u00f3 de forma trascendental su misi\u00f3n especial, que consiste en reavivar la obra de regeneraci\u00f3n social de la sociedad humana. Emprendi\u00f3 y sirvi\u00f3 esta misi\u00f3n hasta el final de su vida (1924) con total dedicaci\u00f3n<\/h5><h5><span style=\"font-size: 16px;\">En 1914, Demetrios Semelas crea el &#8220;Consejo de la Hermandad&#8221;, re\u00fane a su alrededor a siete asociados y redacta el &#8220;C\u00f3digo Universal&#8221;, una &#8220;carta&#8221; de principios e ideas para una reorganizaci\u00f3n y un renacimiento social global.<\/span><\/h5><h5><span style=\"color: #0070c0;\"><span style=\"font-family: Verdana, serif;\"><span style=\"color: #000000;\">A partir de 1910, colabor\u00f3 estrechamente con Marie Routchine en la fundaci\u00f3n de la Orden del Lirio y el \u00c1guila.<\/span> <\/span><\/span><\/h5><h5><span style=\"color: #000000;\"><span style=\"font-family: Verdana, serif;\">Tras la muerte de Marie Routchine (1918), D\u00e9m\u00e9trius S\u00e9m\u00e9las se hizo cargo de la direcci\u00f3n de la O.L+A.<\/span><\/span><\/h5><h5><span style=\"color: #000000;\"><span style=\"font-family: Verdana, serif;\">Asoci\u00f3 a ella su propio trabajo y la reconstituy\u00f3 sobre una nueva base estatutaria (1919), de acuerdo con los deseos del fundador.<\/span><\/span><\/h5><h5><span style=\"color: #000000;\"><span style=\"font-family: Verdana, serif;\">Durante cinco a\u00f1os consecutivos, trabaj\u00f3 para la O.L+A, formando personalmente a sus alumnos y enriqueci\u00e9ndolos con ense\u00f1anzas, leyes y rituales mistagogicos originales e inspiradores<\/span><span style=\"font-family: Verdana, serif;\">.<\/span><\/span><\/h5><h5>El cuerpo de Demetrios Semela, agotado por el exceso de trabajo y por una grave tuberculosis cr\u00f3nica, expir\u00f3 en el Sanatorio de Durt\u00f4l, Francia, el 6 de agosto de 1924, con s\u00f3lo 40 a\u00f1os. Su funeral se celebr\u00f3 el 9 de agosto en la iglesia ortodoxa de San Esteban de Par\u00eds.<br \/>Nombr\u00f3 sucesor al frente de la Orden del Lirio y el \u00c1guila, por testamento escrito, a Eugenio Dupr\u00e9, quien continu\u00f3 con devoci\u00f3n y coherencia la labor inici\u00e1tica y social de la Orden.<\/h5><h5>La O.L+<span style=\"font-size: 16px;\">\u00c1<\/span>, a trav\u00e9s de una sucesi\u00f3n regular, sigue funcionando en la actualidad.<\/h5>\t\t\t\t\t\t\t\t<\/div>\n\t\t\t\t<\/div>\n\t\t\t\t\t<\/div>\n\t\t\t\t<\/div>\n\t\t\t\t<\/div>\n\t\t","protected":false},"excerpt":{"rendered":"<p>Demetrio Plat\u00f3n Semelas (1884 &#8211; 1924) Dimitrios Platonos Semelas naci\u00f3 el 14 de mayo de 1884 en Silyvria, Tracia, y estudi\u00f3 en la Escuela Francesa y Comercial de Constantinopla. Inmediatamente despu\u00e9s (~1900), debido a dificultades econ\u00f3micas, se traslad\u00f3 a El Cairo (Egipto) para trabajar. Al mismo tiempo, se dedic\u00f3 al estudio de la cultura egipcia [&hellip;]<\/p>\n","protected":false},"author":1,"featured_media":0,"parent":0,"menu_order":0,"comment_status":"closed","ping_status":"closed","template":"","meta":{"ocean_post_layout":"","ocean_both_sidebars_style":"","ocean_both_sidebars_content_width":0,"ocean_both_sidebars_sidebars_width":0,"ocean_sidebar":"","ocean_second_sidebar":"","ocean_disable_margins":"enable","ocean_add_body_class":"","ocean_shortcode_before_top_bar":"","ocean_shortcode_after_top_bar":"","ocean_shortcode_before_header":"","ocean_shortcode_after_header":"","ocean_has_shortcode":"","ocean_shortcode_after_title":"","ocean_shortcode_before_footer_widgets":"","ocean_shortcode_after_footer_widgets":"","ocean_shortcode_before_footer_bottom":"","ocean_shortcode_after_footer_bottom":"","ocean_display_top_bar":"default","ocean_display_header":"default","ocean_header_style":"","ocean_center_header_left_menu":"","ocean_custom_header_template":"","ocean_custom_logo":0,"ocean_custom_retina_logo":0,"ocean_custom_logo_max_width":0,"ocean_custom_logo_tablet_max_width":0,"ocean_custom_logo_mobile_max_width":0,"ocean_custom_logo_max_height":0,"ocean_custom_logo_tablet_max_height":0,"ocean_custom_logo_mobile_max_height":0,"ocean_header_custom_menu":"","ocean_menu_typo_font_family":"","ocean_menu_typo_font_subset":"","ocean_menu_typo_font_size":0,"ocean_menu_typo_font_size_tablet":0,"ocean_menu_typo_font_size_mobile":0,"ocean_menu_typo_font_size_unit":"px","ocean_menu_typo_font_weight":"","ocean_menu_typo_font_weight_tablet":"","ocean_menu_typo_font_weight_mobile":"","ocean_menu_typo_transform":"","ocean_menu_typo_transform_tablet":"","ocean_menu_typo_transform_mobile":"","ocean_menu_typo_line_height":0,"ocean_menu_typo_line_height_tablet":0,"ocean_menu_typo_line_height_mobile":0,"ocean_menu_typo_line_height_unit":"","ocean_menu_typo_spacing":0,"ocean_menu_typo_spacing_tablet":0,"ocean_menu_typo_spacing_mobile":0,"ocean_menu_typo_spacing_unit":"","ocean_menu_link_color":"","ocean_menu_link_color_hover":"","ocean_menu_link_color_active":"","ocean_menu_link_background":"","ocean_menu_link_hover_background":"","ocean_menu_link_active_background":"","ocean_menu_social_links_bg":"","ocean_menu_social_hover_links_bg":"","ocean_menu_social_links_color":"","ocean_menu_social_hover_links_color":"","ocean_disable_title":"default","ocean_disable_heading":"default","ocean_post_title":"","ocean_post_subheading":"","ocean_post_title_style":"","ocean_post_title_background_color":"","ocean_post_title_background":0,"ocean_post_title_bg_image_position":"","ocean_post_title_bg_image_attachment":"","ocean_post_title_bg_image_repeat":"","ocean_post_title_bg_image_size":"","ocean_post_title_height":0,"ocean_post_title_bg_overlay":0.5,"ocean_post_title_bg_overlay_color":"","ocean_disable_breadcrumbs":"default","ocean_breadcrumbs_color":"","ocean_breadcrumbs_separator_color":"","ocean_breadcrumbs_links_color":"","ocean_breadcrumbs_links_hover_color":"","ocean_display_footer_widgets":"default","ocean_display_footer_bottom":"default","ocean_custom_footer_template":"","footnotes":""},"class_list":["post-5734","page","type-page","status-publish","hentry","entry"],"_links":{"self":[{"href":"https:\/\/eon.gr\/lv\/index.php?rest_route=\/wp\/v2\/pages\/5734","targetHints":{"allow":["GET"]}}],"collection":[{"href":"https:\/\/eon.gr\/lv\/index.php?rest_route=\/wp\/v2\/pages"}],"about":[{"href":"https:\/\/eon.gr\/lv\/index.php?rest_route=\/wp\/v2\/types\/page"}],"author":[{"embeddable":true,"href":"https:\/\/eon.gr\/lv\/index.php?rest_route=\/wp\/v2\/users\/1"}],"replies":[{"embeddable":true,"href":"https:\/\/eon.gr\/lv\/index.php?rest_route=%2Fwp%2Fv2%2Fcomments&post=5734"}],"version-history":[{"count":17,"href":"https:\/\/eon.gr\/lv\/index.php?rest_route=\/wp\/v2\/pages\/5734\/revisions"}],"predecessor-version":[{"id":7794,"href":"https:\/\/eon.gr\/lv\/index.php?rest_route=\/wp\/v2\/pages\/5734\/revisions\/7794"}],"wp:attachment":[{"href":"https:\/\/eon.gr\/lv\/index.php?rest_route=%2Fwp%2Fv2%2Fmedia&parent=5734"}],"curies":[{"name":"wp","href":"https:\/\/api.w.org\/{rel}","templated":true}]}}