{"id":5373,"date":"2024-07-08T21:18:27","date_gmt":"2024-07-08T18:18:27","guid":{"rendered":"https:\/\/eon.gr\/lv\/?page_id=5373"},"modified":"2024-10-31T17:59:57","modified_gmt":"2024-10-31T15:59:57","slug":"mariaroutchine-fr","status":"publish","type":"page","link":"https:\/\/eon.gr\/lv\/?page_id=5373&lang=fr","title":{"rendered":"FR-MariaRoutchine"},"content":{"rendered":"\t\t<div data-elementor-type=\"wp-page\" data-elementor-id=\"5373\" class=\"elementor elementor-5373\">\n\t\t\t\t\t\t<section class=\"elementor-section elementor-top-section elementor-element elementor-element-7e88e5f8 elementor-section-boxed elementor-section-height-default elementor-section-height-default\" data-id=\"7e88e5f8\" data-element_type=\"section\" data-e-type=\"section\" data-settings=\"{&quot;background_background&quot;:&quot;classic&quot;}\">\n\t\t\t\t\t\t\t<div class=\"elementor-background-overlay\"><\/div>\n\t\t\t\t\t\t\t<div class=\"elementor-container elementor-column-gap-default\">\n\t\t\t\t\t<div class=\"elementor-column elementor-col-100 elementor-top-column elementor-element elementor-element-727a60e5\" data-id=\"727a60e5\" data-element_type=\"column\" data-e-type=\"column\">\n\t\t\t<div class=\"elementor-widget-wrap elementor-element-populated\">\n\t\t\t\t\t\t<div class=\"elementor-element elementor-element-1d1770ae elementor-widget elementor-widget-text-editor\" data-id=\"1d1770ae\" data-element_type=\"widget\" data-e-type=\"widget\" data-widget_type=\"text-editor.default\">\n\t\t\t\t<div class=\"elementor-widget-container\">\n\t\t\t\t\t\t\t\t\t<h5><strong><img fetchpriority=\"high\" decoding=\"async\" class=\"alignleft wp-image-3110 size-medium\" src=\"https:\/\/eon.gr\/lv\/wp-content\/uploads\/2023\/04\/www_Dora-213x300.jpg\" alt=\"\" width=\"213\" height=\"300\" srcset=\"https:\/\/eon.gr\/lv\/wp-content\/uploads\/2023\/04\/www_Dora-213x300.jpg 213w, https:\/\/eon.gr\/lv\/wp-content\/uploads\/2023\/04\/www_Dora.jpg 276w\" sizes=\"(max-width: 213px) 100vw, 213px\" \/><em><span style=\"color: #0000ff;\">Marie Routchine-Dupr\u00e9 (1883-1918)<\/span><\/em><\/strong><\/h5><h5>Marie Routchine est n\u00e9e \u00e0 Odessa le 25 novembre 1883. Tr\u00e8s jeune, elle \u00e9migre avec sa famille \u00e0 Paris, o\u00f9 elle s&#8217;installe (1885).<\/h5><h5>\u00c0 l&#8217;\u00e2ge de 15 ans, elle apprend \u00e0 peindre et \u00e0 dessiner et se sp\u00e9cialise dans l&#8217;\u00e9tude des fleurs. Elle peigne les fleurs avec amour et les a tellement \u00e9tudi\u00e9es qu\u2019elle en connait toutes les vari\u00e9t\u00e9s en d\u00e9tail. La peinture des fleurs devient sa profession.<\/h5><h5>D\u00e8s son plus jeune \u00e2ge, elle exprime son amour pour l&#8217;\u00eatre humain, en particulier pour la femme socialement opprim\u00e9e, qui a \u00e9t\u00e9 un objet constant de son int\u00e9r\u00eat. Et c&#8217;est pr\u00e9cis\u00e9ment ce d\u00e9sir d&#8217;amour pour l&#8217;homme et l&#8217;humanit\u00e9 qui a conduit Marie \u00e0 recevoir d&#8217;une source spirituelle supr\u00eame de nouvelles r\u00e9v\u00e9lations de v\u00e9rit\u00e9s, qu&#8217;elle enregistre, organise et offre \u00e0 l&#8217;humanit\u00e9 par le son \u0153uvre.<\/h5><h5>Elle rencontre (1906)\u00a0 Eug\u00e8ne Dupr\u00e9, un dessinateur m\u00e9canique fran\u00e7ais, avec qui elle se mari\u00e9 au Caire, en \u00c9gypte (1908), o\u00f9 ils s&#8217;installent en famille. Au Caire, Dupr\u00e9 rencontre (1910) D\u00e9m\u00e9trius S\u00e9m\u00e9las et d\u00e9veloppe avec lui de liens spirituels profonds ainsi qu\u2019une collaboration \u00e9troite.<\/h5><h5>Apr\u00e8s des conceptions spirituelles successives, au cours de la p\u00e9riode 1913-1915, Marie a form\u00e9 sa doctrine personnelle, indiquant les causes et le rem\u00e8de de la souffrance humaine, tant individuelle que collective.<\/h5><h5>Pour la gestion et la r\u00e9alisation de cette conception cruciale, Marie fond l&#8217;Ordre du Lys et de l&#8217;Aigle, au Caire, en \u00c9gypte, le 6\/19 janvier 1915, avec le soutien de D\u00e9m\u00e9trius S\u00e9m\u00e9las et en pr\u00e9sence de trois de ses \u00e9tudiants et t\u00e9moins de cet acte officiel.<\/h5><h5>Imm\u00e9diatement apr\u00e8s (le 4 f\u00e9vrier 1915), elle rentre \u00e0 Paris, d\u00e9chir\u00e9 par la guerre, o\u00f9 son mari Eug\u00e8ne est soldat. De l\u00e0 elle travaille sans rel\u00e2che, transmettant des enseignements tr\u00e8s inspirants \u00e0 ses \u00e9tudiants \u00e0 Paris, au Caire et \u00e0 Ath\u00e8nes.<\/h5><h5>Mourant pr\u00e9matur\u00e9ment, apr\u00e8s une grave et courte maladie, \u00e0 Paris le 30 janvier 1918, \u00e0 l&#8217;\u00e2ge de 34 ans, Marie Routchine-Dupr\u00e9 a laiss\u00e9 \u00e0 l&#8217;humanit\u00e9 une \u0153uvre spirituelle extr\u00eamement importante pour notre temps. Cette \u0153uvre a \u00e9t\u00e9 compl\u00e9t\u00e9e\u00a0 (1919-1924) par D\u00e9m\u00e9trius S\u00e9m\u00e9las et se poursuit \u00e0 l\u2019O.L+A\u00a0<span style=\"color: #000000;\"><span style=\"font-family: Verdana, serif;\"><span style=\"font-size: medium;\"><span lang=\"fr-FR\">jusqu&#8217;\u00e0 nos jours.<\/span><\/span><\/span><\/span><\/h5><h5>\u00a0<\/h5>\t\t\t\t\t\t\t\t<\/div>\n\t\t\t\t<\/div>\n\t\t\t\t<div class=\"elementor-element elementor-element-8853e0e elementor-widget elementor-widget-text-editor\" data-id=\"8853e0e\" data-element_type=\"widget\" data-e-type=\"widget\" data-widget_type=\"text-editor.default\">\n\t\t\t\t<div class=\"elementor-widget-container\">\n\t\t\t\t\t\t\t\t\t<h5>\u00a0<\/h5>\t\t\t\t\t\t\t\t<\/div>\n\t\t\t\t<\/div>\n\t\t\t\t\t<\/div>\n\t\t<\/div>\n\t\t\t\t\t<\/div>\n\t\t<\/section>\n\t\t\t\t<\/div>\n\t\t","protected":false},"excerpt":{"rendered":"<p>Marie Routchine-Dupr\u00e9 (1883-1918) Marie Routchine est n\u00e9e \u00e0 Odessa le 25 novembre 1883. Tr\u00e8s jeune, elle \u00e9migre avec sa famille \u00e0 Paris, o\u00f9 elle s&#8217;installe (1885). \u00c0 l&#8217;\u00e2ge de 15 ans, elle apprend \u00e0 peindre et \u00e0 dessiner et se sp\u00e9cialise dans l&#8217;\u00e9tude des fleurs. Elle peigne les fleurs avec amour et les a tellement [&hellip;]<\/p>\n","protected":false},"author":1,"featured_media":0,"parent":0,"menu_order":0,"comment_status":"closed","ping_status":"closed","template":"","meta":{"ocean_post_layout":"","ocean_both_sidebars_style":"","ocean_both_sidebars_content_width":0,"ocean_both_sidebars_sidebars_width":0,"ocean_sidebar":"0","ocean_second_sidebar":"0","ocean_disable_margins":"enable","ocean_add_body_class":"","ocean_shortcode_before_top_bar":"","ocean_shortcode_after_top_bar":"","ocean_shortcode_before_header":"","ocean_shortcode_after_header":"","ocean_has_shortcode":"","ocean_shortcode_after_title":"","ocean_shortcode_before_footer_widgets":"","ocean_shortcode_after_footer_widgets":"","ocean_shortcode_before_footer_bottom":"","ocean_shortcode_after_footer_bottom":"","ocean_display_top_bar":"default","ocean_display_header":"default","ocean_header_style":"","ocean_center_header_left_menu":"0","ocean_custom_header_template":"0","ocean_custom_logo":0,"ocean_custom_retina_logo":0,"ocean_custom_logo_max_width":0,"ocean_custom_logo_tablet_max_width":0,"ocean_custom_logo_mobile_max_width":0,"ocean_custom_logo_max_height":0,"ocean_custom_logo_tablet_max_height":0,"ocean_custom_logo_mobile_max_height":0,"ocean_header_custom_menu":"0","ocean_menu_typo_font_family":"0","ocean_menu_typo_font_subset":"","ocean_menu_typo_font_size":0,"ocean_menu_typo_font_size_tablet":0,"ocean_menu_typo_font_size_mobile":0,"ocean_menu_typo_font_size_unit":"px","ocean_menu_typo_font_weight":"","ocean_menu_typo_font_weight_tablet":"","ocean_menu_typo_font_weight_mobile":"","ocean_menu_typo_transform":"","ocean_menu_typo_transform_tablet":"","ocean_menu_typo_transform_mobile":"","ocean_menu_typo_line_height":0,"ocean_menu_typo_line_height_tablet":0,"ocean_menu_typo_line_height_mobile":0,"ocean_menu_typo_line_height_unit":"","ocean_menu_typo_spacing":0,"ocean_menu_typo_spacing_tablet":0,"ocean_menu_typo_spacing_mobile":0,"ocean_menu_typo_spacing_unit":"","ocean_menu_link_color":"","ocean_menu_link_color_hover":"","ocean_menu_link_color_active":"","ocean_menu_link_background":"","ocean_menu_link_hover_background":"","ocean_menu_link_active_background":"","ocean_menu_social_links_bg":"","ocean_menu_social_hover_links_bg":"","ocean_menu_social_links_color":"","ocean_menu_social_hover_links_color":"","ocean_disable_title":"default","ocean_disable_heading":"default","ocean_post_title":"","ocean_post_subheading":"","ocean_post_title_style":"","ocean_post_title_background_color":"","ocean_post_title_background":0,"ocean_post_title_bg_image_position":"","ocean_post_title_bg_image_attachment":"","ocean_post_title_bg_image_repeat":"","ocean_post_title_bg_image_size":"","ocean_post_title_height":0,"ocean_post_title_bg_overlay":0.5,"ocean_post_title_bg_overlay_color":"","ocean_disable_breadcrumbs":"default","ocean_breadcrumbs_color":"","ocean_breadcrumbs_separator_color":"","ocean_breadcrumbs_links_color":"","ocean_breadcrumbs_links_hover_color":"","ocean_display_footer_widgets":"default","ocean_display_footer_bottom":"default","ocean_custom_footer_template":"0","footnotes":""},"class_list":["post-5373","page","type-page","status-publish","hentry","entry"],"_links":{"self":[{"href":"https:\/\/eon.gr\/lv\/index.php?rest_route=\/wp\/v2\/pages\/5373","targetHints":{"allow":["GET"]}}],"collection":[{"href":"https:\/\/eon.gr\/lv\/index.php?rest_route=\/wp\/v2\/pages"}],"about":[{"href":"https:\/\/eon.gr\/lv\/index.php?rest_route=\/wp\/v2\/types\/page"}],"author":[{"embeddable":true,"href":"https:\/\/eon.gr\/lv\/index.php?rest_route=\/wp\/v2\/users\/1"}],"replies":[{"embeddable":true,"href":"https:\/\/eon.gr\/lv\/index.php?rest_route=%2Fwp%2Fv2%2Fcomments&post=5373"}],"version-history":[{"count":59,"href":"https:\/\/eon.gr\/lv\/index.php?rest_route=\/wp\/v2\/pages\/5373\/revisions"}],"predecessor-version":[{"id":7797,"href":"https:\/\/eon.gr\/lv\/index.php?rest_route=\/wp\/v2\/pages\/5373\/revisions\/7797"}],"wp:attachment":[{"href":"https:\/\/eon.gr\/lv\/index.php?rest_route=%2Fwp%2Fv2%2Fmedia&parent=5373"}],"curies":[{"name":"wp","href":"https:\/\/api.w.org\/{rel}","templated":true}]}}