{"id":5365,"date":"2024-07-08T20:12:38","date_gmt":"2024-07-08T17:12:38","guid":{"rendered":"https:\/\/eon.gr\/lv\/?page_id=5365"},"modified":"2024-08-02T07:44:00","modified_gmt":"2024-08-02T04:44:00","slug":"dimitriossemelas-fr","status":"publish","type":"page","link":"https:\/\/eon.gr\/lv\/?page_id=5365&lang=fr","title":{"rendered":"FR-DimitriosSemelas"},"content":{"rendered":"\t\t<div data-elementor-type=\"wp-page\" data-elementor-id=\"5365\" class=\"elementor elementor-5365\">\n\t\t\t\t<div class=\"elementor-element elementor-element-217b09e e-flex e-con-boxed e-con e-parent\" data-id=\"217b09e\" data-element_type=\"container\" data-e-type=\"container\" data-settings=\"{&quot;background_background&quot;:&quot;classic&quot;}\">\n\t\t\t\t\t<div class=\"e-con-inner\">\n\t\t\t\t<div class=\"elementor-element elementor-element-ef8f212 elementor-widget elementor-widget-text-editor\" data-id=\"ef8f212\" data-element_type=\"widget\" data-e-type=\"widget\" data-widget_type=\"text-editor.default\">\n\t\t\t\t<div class=\"elementor-widget-container\">\n\t\t\t\t\t\t\t\t\t<h5><strong><img fetchpriority=\"high\" decoding=\"async\" class=\"size-medium wp-image-3109 alignleft\" src=\"https:\/\/eon-gr.preview-domain.com\/\/lv\/wp-content\/uploads\/2023\/04\/www_Doros-213x300.jpg\" alt=\"\" width=\"213\" height=\"300\" srcset=\"https:\/\/eon.gr\/lv\/wp-content\/uploads\/2023\/04\/www_Doros-213x300.jpg 213w, https:\/\/eon.gr\/lv\/wp-content\/uploads\/2023\/04\/www_Doros.jpg 276w\" sizes=\"(max-width: 213px) 100vw, 213px\" \/><em><span style=\"color: #0000ff;\">D\u00e9m\u00e9trius S\u00e9m\u00e9las (1884 &#8211; 1924)<\/span><\/em><br \/><\/strong><\/h5><h5><span style=\"color: #000000;\">D\u00e9m\u00e9trius Platon <\/span>S\u00e9m\u00e9las est n\u00e9 le 2\/14 mai 1884 \u00e0 Silyvria, en Thrace, et a fait ses \u00e9tudes \u00e0 l&#8217;\u00c9cole fran\u00e7aise et commerciale de Constantinople. Vers (~1900), en raison de difficult\u00e9s financi\u00e8res, il se rend au Caire, en \u00c9gypte, pour y travailler. En m\u00eame temps, il se lance dans l&#8217;\u00e9tude de la culture \u00e9gyptienne afin d&#8217;en faire ressortir des aspects m\u00e9connus.<\/h5><h5>\u00c0 l&#8217;\u00e2ge d&#8217;environ 19 ans, \u00e0 la suite d&#8217;exp\u00e9riences spirituelles intenses, il s&#8217;installe \u00e0 Ath\u00e8nes (Gr\u00e8ce), o\u00f9 il commence \u00e0 \u00e9tudier la m\u00e9decine.<\/h5><h5><span style=\"font-size: 16px;\">Pendant son s\u00e9jour, il d\u00e9couvre de mani\u00e8re transcendante sa mission sp\u00e9ciale, qui est de faire renaitre l&#8217;\u0153uvre de r\u00e9g\u00e9n\u00e9ration sociale de la soci\u00e9t\u00e9 humaine. Il entreprend et sert cette mission jusqu&#8217;\u00e0 la fin de sa vie (1924) avec une abn\u00e9gation totale. <\/span><\/h5><h5>En 1910, D\u00e9m\u00e9trius S\u00e9m\u00e9las se trouve au Caire, en \u00c9gypte, o\u00f9 il rencontre le couple Eug\u00e8ne Dupr\u00e9 et Marie Routchine-Dupr\u00e9, venus de France, et s&#8217;associe \u00e0 eux par des liens spirituels profonds.<\/h5><h5>En 1914, D\u00e9m\u00e9trius S\u00e9m\u00e9las cr\u00e9e le &#8220;Conseil de la Fraternit\u00e9&#8221;, r\u00e9unissant autour de lui sept associ\u00e9s et r\u00e9digeant le &#8220;Code universel&#8221;, une &#8220;charte&#8221; de principes et d&#8217;id\u00e9es pour une r\u00e9organisation et une renaissance sociale mondiale.<\/h5><h5>\u00c0 partir de 1910, il travaille en\u00a0 collaboration \u00e9troite avec Marie Routchine- Dupr\u00e9 pour la fondation de l&#8217;Ordre du Lys et de l&#8217;Aigle. <br \/>Apr\u00e8s la mort de Marie (1918), D\u00e9m\u00e9trius S\u00e9m\u00e9las prend la direction de l&#8217;O.L+A.<br \/>Il y associe son propre \u0152uvre et le reconstitue sur une nouvelle base statutaire (1919), conform\u00e9ment aux souhaits de la fondatrice Marie Routchine- Dupr\u00e9.<\/h5><h5>Pendant cinq ann\u00e9es cons\u00e9cutives, il travaille pour l\u2019O.L+A, enseignant personnellement ses \u00e9tudiants et l&#8217;enrichissant de doctrines, de lois et de rituels mystagogique originaux et inspirants.<\/h5><h5>Le Maitre D\u00e9m\u00e9trius S\u00e9m\u00e9las accable par le travail et par une grave tuberculose chronique, rendit le dernier soupir au sanatorium de Durt\u00f4l, en France, le 6 ao\u00fbt 1924, \u00e0 l&#8217;\u00e2ge de 40 ans! Ses fun\u00e9railles ont eu lieu le 9 ao\u00fbt a l&#8217;\u00e9glise orthodoxe Saint-\u00c9tienne \u00e0 Paris.<br \/>Il a d\u00e9sign\u00e9 comme successeur \u00e0 la direction de l&#8217;Ordre du Lys et de l&#8217;Aigle, par testament \u00e9crit, Eug\u00e8ne Dupr\u00e9, qui a poursuivi avec d\u00e9vouement et constance l&#8217;\u0153uvre initiatique et sociale de l&#8217;Ordre.<\/h5><h5>L&#8217;O.L+A, par succession r\u00e9guli\u00e8re, est toujours en activit\u00e9.<\/h5>\t\t\t\t\t\t\t\t<\/div>\n\t\t\t\t<\/div>\n\t\t\t\t\t<\/div>\n\t\t\t\t<\/div>\n\t\t\t\t<\/div>\n\t\t","protected":false},"excerpt":{"rendered":"<p>D\u00e9m\u00e9trius S\u00e9m\u00e9las (1884 &#8211; 1924) D\u00e9m\u00e9trius Platon S\u00e9m\u00e9las est n\u00e9 le 2\/14 mai 1884 \u00e0 Silyvria, en Thrace, et a fait ses \u00e9tudes \u00e0 l&#8217;\u00c9cole fran\u00e7aise et commerciale de Constantinople. Vers (~1900), en raison de difficult\u00e9s financi\u00e8res, il se rend au Caire, en \u00c9gypte, pour y travailler. En m\u00eame temps, il se lance dans l&#8217;\u00e9tude [&hellip;]<\/p>\n","protected":false},"author":1,"featured_media":0,"parent":0,"menu_order":0,"comment_status":"closed","ping_status":"closed","template":"","meta":{"ocean_post_layout":"","ocean_both_sidebars_style":"","ocean_both_sidebars_content_width":0,"ocean_both_sidebars_sidebars_width":0,"ocean_sidebar":"","ocean_second_sidebar":"","ocean_disable_margins":"enable","ocean_add_body_class":"","ocean_shortcode_before_top_bar":"","ocean_shortcode_after_top_bar":"","ocean_shortcode_before_header":"","ocean_shortcode_after_header":"","ocean_has_shortcode":"","ocean_shortcode_after_title":"","ocean_shortcode_before_footer_widgets":"","ocean_shortcode_after_footer_widgets":"","ocean_shortcode_before_footer_bottom":"","ocean_shortcode_after_footer_bottom":"","ocean_display_top_bar":"default","ocean_display_header":"default","ocean_header_style":"","ocean_center_header_left_menu":"","ocean_custom_header_template":"","ocean_custom_logo":0,"ocean_custom_retina_logo":0,"ocean_custom_logo_max_width":0,"ocean_custom_logo_tablet_max_width":0,"ocean_custom_logo_mobile_max_width":0,"ocean_custom_logo_max_height":0,"ocean_custom_logo_tablet_max_height":0,"ocean_custom_logo_mobile_max_height":0,"ocean_header_custom_menu":"","ocean_menu_typo_font_family":"","ocean_menu_typo_font_subset":"","ocean_menu_typo_font_size":0,"ocean_menu_typo_font_size_tablet":0,"ocean_menu_typo_font_size_mobile":0,"ocean_menu_typo_font_size_unit":"px","ocean_menu_typo_font_weight":"","ocean_menu_typo_font_weight_tablet":"","ocean_menu_typo_font_weight_mobile":"","ocean_menu_typo_transform":"","ocean_menu_typo_transform_tablet":"","ocean_menu_typo_transform_mobile":"","ocean_menu_typo_line_height":0,"ocean_menu_typo_line_height_tablet":0,"ocean_menu_typo_line_height_mobile":0,"ocean_menu_typo_line_height_unit":"","ocean_menu_typo_spacing":0,"ocean_menu_typo_spacing_tablet":0,"ocean_menu_typo_spacing_mobile":0,"ocean_menu_typo_spacing_unit":"","ocean_menu_link_color":"","ocean_menu_link_color_hover":"","ocean_menu_link_color_active":"","ocean_menu_link_background":"","ocean_menu_link_hover_background":"","ocean_menu_link_active_background":"","ocean_menu_social_links_bg":"","ocean_menu_social_hover_links_bg":"","ocean_menu_social_links_color":"","ocean_menu_social_hover_links_color":"","ocean_disable_title":"default","ocean_disable_heading":"default","ocean_post_title":"","ocean_post_subheading":"","ocean_post_title_style":"","ocean_post_title_background_color":"","ocean_post_title_background":0,"ocean_post_title_bg_image_position":"","ocean_post_title_bg_image_attachment":"","ocean_post_title_bg_image_repeat":"","ocean_post_title_bg_image_size":"","ocean_post_title_height":0,"ocean_post_title_bg_overlay":0.5,"ocean_post_title_bg_overlay_color":"","ocean_disable_breadcrumbs":"default","ocean_breadcrumbs_color":"","ocean_breadcrumbs_separator_color":"","ocean_breadcrumbs_links_color":"","ocean_breadcrumbs_links_hover_color":"","ocean_display_footer_widgets":"default","ocean_display_footer_bottom":"default","ocean_custom_footer_template":"","footnotes":""},"class_list":["post-5365","page","type-page","status-publish","hentry","entry"],"_links":{"self":[{"href":"https:\/\/eon.gr\/lv\/index.php?rest_route=\/wp\/v2\/pages\/5365","targetHints":{"allow":["GET"]}}],"collection":[{"href":"https:\/\/eon.gr\/lv\/index.php?rest_route=\/wp\/v2\/pages"}],"about":[{"href":"https:\/\/eon.gr\/lv\/index.php?rest_route=\/wp\/v2\/types\/page"}],"author":[{"embeddable":true,"href":"https:\/\/eon.gr\/lv\/index.php?rest_route=\/wp\/v2\/users\/1"}],"replies":[{"embeddable":true,"href":"https:\/\/eon.gr\/lv\/index.php?rest_route=%2Fwp%2Fv2%2Fcomments&post=5365"}],"version-history":[{"count":125,"href":"https:\/\/eon.gr\/lv\/index.php?rest_route=\/wp\/v2\/pages\/5365\/revisions"}],"predecessor-version":[{"id":7584,"href":"https:\/\/eon.gr\/lv\/index.php?rest_route=\/wp\/v2\/pages\/5365\/revisions\/7584"}],"wp:attachment":[{"href":"https:\/\/eon.gr\/lv\/index.php?rest_route=%2Fwp%2Fv2%2Fmedia&parent=5365"}],"curies":[{"name":"wp","href":"https:\/\/api.w.org\/{rel}","templated":true}]}}