{"id":5240,"date":"2024-07-08T16:21:52","date_gmt":"2024-07-08T13:21:52","guid":{"rendered":"https:\/\/eon.gr\/lv\/?page_id=5240"},"modified":"2025-06-22T16:45:31","modified_gmt":"2025-06-22T13:45:31","slug":"welcome-es","status":"publish","type":"page","link":"https:\/\/eon.gr\/lv\/?page_id=5240&lang=es","title":{"rendered":"ES-\u039a\u03b1\u03bb\u03c9\u03c3\u03cc\u03c1\u03b9\u03c3\u03bc\u03b1"},"content":{"rendered":"\t\t<div data-elementor-type=\"wp-page\" data-elementor-id=\"5240\" class=\"elementor elementor-5240\">\n\t\t\t\t<div class=\"elementor-element elementor-element-15cd9912 e-flex e-con-boxed e-con e-parent\" data-id=\"15cd9912\" data-element_type=\"container\" data-e-type=\"container\">\n\t\t\t\t\t<div class=\"e-con-inner\">\n\t\t\t\t<div class=\"elementor-element elementor-element-20fc589 elementor-widget__width-initial elementor-widget elementor-widget-text-editor\" data-id=\"20fc589\" data-element_type=\"widget\" data-e-type=\"widget\" data-widget_type=\"text-editor.default\">\n\t\t\t\t<div class=\"elementor-widget-container\">\n\t\t\t\t\t\t\t\t\t<h4 style=\"text-align: center;\"><em><span style=\"color: #0000ff;\">Bienvenida al visitante<\/span><\/em><\/h4><h5>Damos la bienvenida a todos los que buscan la fuente de la verdad,<br \/>a todos ustedes cuyas vidas han guiado sus pasos hasta nuestra puerta,<br \/>a todos ustedes que desean conocer y seguir el camino que conduce al autoconocimiento, al autodominio y a la renuncia de s\u00ed mismo por su verdad personal, la verdad de la humanidad y, en definitiva, la verdad de toda la creaci\u00f3n.<\/h5><h5>Damos la bienvenida a todos los que creen profundamente en la necesidad de cultivar los principios de bondad y justicia, para que, como almas de paz y esp\u00edritus de luz, puedan reivindicar el derecho a la vida en ustedes mismos y en la sociedad.<\/h5><h5>Damos la bienvenida a todos los que creen que la necesidad m\u00e1s profunda de todo buscador de la Verdad es el &#8220;conocimiento de s\u00ed mismo&#8221;, es decir, el conocimiento de las leyes que animan a todo ser humano y, por extensi\u00f3n, a toda la creaci\u00f3n.<\/h5><h5>La Fe y el Conocimiento pueden animar a cada ser humano en su lucha por liberarse de los obst\u00e1culos internos y externos en una vida normal, para luego ser conducido gradualmente a la resoluci\u00f3n de los misterios de la Vida, tanto a nivel individual como universal.<\/h5><h5>Es con estas sencillas palabras que os damos la bienvenida y esperamos que nuestro encuentro sea un nuevo punto de partida para acercaros a vuestra verdad personal.<\/h5><p><span style=\"color: #0000ff;\"><em>\u00a0<\/em><\/span><\/p>\t\t\t\t\t\t\t\t<\/div>\n\t\t\t\t<\/div>\n\t\t\t\t\t<\/div>\n\t\t\t\t<\/div>\n\t\t\t\t<\/div>\n\t\t","protected":false},"excerpt":{"rendered":"<p>Bienvenida al visitante Damos la bienvenida a todos los que buscan la fuente de la verdad,a todos ustedes cuyas vidas han guiado sus pasos hasta nuestra puerta,a todos ustedes que desean conocer y seguir el camino que conduce al autoconocimiento, al autodominio y a la renuncia de s\u00ed mismo por su verdad personal, la verdad [&hellip;]<\/p>\n","protected":false},"author":1,"featured_media":0,"parent":0,"menu_order":0,"comment_status":"closed","ping_status":"closed","template":"","meta":{"ocean_post_layout":"","ocean_both_sidebars_style":"","ocean_both_sidebars_content_width":0,"ocean_both_sidebars_sidebars_width":0,"ocean_sidebar":"","ocean_second_sidebar":"","ocean_disable_margins":"enable","ocean_add_body_class":"","ocean_shortcode_before_top_bar":"","ocean_shortcode_after_top_bar":"","ocean_shortcode_before_header":"","ocean_shortcode_after_header":"","ocean_has_shortcode":"","ocean_shortcode_after_title":"","ocean_shortcode_before_footer_widgets":"","ocean_shortcode_after_footer_widgets":"","ocean_shortcode_before_footer_bottom":"","ocean_shortcode_after_footer_bottom":"","ocean_display_top_bar":"default","ocean_display_header":"default","ocean_header_style":"","ocean_center_header_left_menu":"","ocean_custom_header_template":"","ocean_custom_logo":0,"ocean_custom_retina_logo":0,"ocean_custom_logo_max_width":0,"ocean_custom_logo_tablet_max_width":0,"ocean_custom_logo_mobile_max_width":0,"ocean_custom_logo_max_height":0,"ocean_custom_logo_tablet_max_height":0,"ocean_custom_logo_mobile_max_height":0,"ocean_header_custom_menu":"","ocean_menu_typo_font_family":"","ocean_menu_typo_font_subset":"","ocean_menu_typo_font_size":0,"ocean_menu_typo_font_size_tablet":0,"ocean_menu_typo_font_size_mobile":0,"ocean_menu_typo_font_size_unit":"px","ocean_menu_typo_font_weight":"","ocean_menu_typo_font_weight_tablet":"","ocean_menu_typo_font_weight_mobile":"","ocean_menu_typo_transform":"","ocean_menu_typo_transform_tablet":"","ocean_menu_typo_transform_mobile":"","ocean_menu_typo_line_height":0,"ocean_menu_typo_line_height_tablet":0,"ocean_menu_typo_line_height_mobile":0,"ocean_menu_typo_line_height_unit":"","ocean_menu_typo_spacing":0,"ocean_menu_typo_spacing_tablet":0,"ocean_menu_typo_spacing_mobile":0,"ocean_menu_typo_spacing_unit":"","ocean_menu_link_color":"","ocean_menu_link_color_hover":"","ocean_menu_link_color_active":"","ocean_menu_link_background":"","ocean_menu_link_hover_background":"","ocean_menu_link_active_background":"","ocean_menu_social_links_bg":"","ocean_menu_social_hover_links_bg":"","ocean_menu_social_links_color":"","ocean_menu_social_hover_links_color":"","ocean_disable_title":"default","ocean_disable_heading":"default","ocean_post_title":"","ocean_post_subheading":"","ocean_post_title_style":"","ocean_post_title_background_color":"","ocean_post_title_background":0,"ocean_post_title_bg_image_position":"","ocean_post_title_bg_image_attachment":"","ocean_post_title_bg_image_repeat":"","ocean_post_title_bg_image_size":"","ocean_post_title_height":0,"ocean_post_title_bg_overlay":0.5,"ocean_post_title_bg_overlay_color":"","ocean_disable_breadcrumbs":"default","ocean_breadcrumbs_color":"","ocean_breadcrumbs_separator_color":"","ocean_breadcrumbs_links_color":"","ocean_breadcrumbs_links_hover_color":"","ocean_display_footer_widgets":"default","ocean_display_footer_bottom":"default","ocean_custom_footer_template":"","footnotes":""},"class_list":["post-5240","page","type-page","status-publish","hentry","entry"],"_links":{"self":[{"href":"https:\/\/eon.gr\/lv\/index.php?rest_route=\/wp\/v2\/pages\/5240","targetHints":{"allow":["GET"]}}],"collection":[{"href":"https:\/\/eon.gr\/lv\/index.php?rest_route=\/wp\/v2\/pages"}],"about":[{"href":"https:\/\/eon.gr\/lv\/index.php?rest_route=\/wp\/v2\/types\/page"}],"author":[{"embeddable":true,"href":"https:\/\/eon.gr\/lv\/index.php?rest_route=\/wp\/v2\/users\/1"}],"replies":[{"embeddable":true,"href":"https:\/\/eon.gr\/lv\/index.php?rest_route=%2Fwp%2Fv2%2Fcomments&post=5240"}],"version-history":[{"count":23,"href":"https:\/\/eon.gr\/lv\/index.php?rest_route=\/wp\/v2\/pages\/5240\/revisions"}],"predecessor-version":[{"id":7897,"href":"https:\/\/eon.gr\/lv\/index.php?rest_route=\/wp\/v2\/pages\/5240\/revisions\/7897"}],"wp:attachment":[{"href":"https:\/\/eon.gr\/lv\/index.php?rest_route=%2Fwp%2Fv2%2Fmedia&parent=5240"}],"curies":[{"name":"wp","href":"https:\/\/api.w.org\/{rel}","templated":true}]}}