{"id":5235,"date":"2024-07-08T16:19:24","date_gmt":"2024-07-08T13:19:24","guid":{"rendered":"https:\/\/eon.gr\/lv\/?page_id=5235"},"modified":"2025-06-22T16:46:33","modified_gmt":"2025-06-22T13:46:33","slug":"welcome-fr","status":"publish","type":"page","link":"https:\/\/eon.gr\/lv\/?page_id=5235&lang=fr","title":{"rendered":"FR-\u039a\u03b1\u03bb\u03c9\u03c3\u03cc\u03c1\u03b9\u03c3\u03bc\u03b1"},"content":{"rendered":"\t\t<div data-elementor-type=\"wp-page\" data-elementor-id=\"5235\" class=\"elementor elementor-5235\">\n\t\t\t\t<div class=\"elementor-element elementor-element-15cd9912 e-flex e-con-boxed e-con e-parent\" data-id=\"15cd9912\" data-element_type=\"container\" data-e-type=\"container\">\n\t\t\t\t\t<div class=\"e-con-inner\">\n\t\t\t\t<div class=\"elementor-element elementor-element-20fc589 elementor-widget__width-initial elementor-widget elementor-widget-text-editor\" data-id=\"20fc589\" data-element_type=\"widget\" data-e-type=\"widget\" data-widget_type=\"text-editor.default\">\n\t\t\t\t<div class=\"elementor-widget-container\">\n\t\t\t\t\t\t\t\t\t<h4 style=\"text-align: center;\"><em><span style=\"color: #0000ff;\">Bienvenue au visiteur<\/span><\/em><\/h4><h5><span style=\"font-family: Verdana, sans-serif;\"><span style=\"font-size: medium;\"><span lang=\"fr-FR\">Nous accueillons tous ceux qui cherchent la source de la v\u00e9rit\u00e9, <br \/><\/span><\/span><\/span>vous tous dont la vie a guid\u00e9 vos pas jusqu&#8217;\u00e0 notre porte,\u00a0<br \/><span style=\"font-family: Verdana, sans-serif;\"><span style=\"font-size: medium;\"><span lang=\"fr-FR\">vous tous qui souhaitez conna\u00eetre et suivre le chemin qui m\u00e8ne \u00e0 la connaissance de soi, \u00e0 la ma\u00eetrise de soi et au renoncement \u00e0 soi pour votre v\u00e9rit\u00e9 personnelle, la v\u00e9rit\u00e9 de l&#8217;humanit\u00e9 et, en fin de compte, la v\u00e9rit\u00e9 de toute la cr\u00e9ation.<\/span><\/span><\/span><\/h5><h5><span style=\"font-family: Verdana, sans-serif;\"><span style=\"font-size: medium;\"><span lang=\"fr-FR\">Nous accueillons tous ceux d&#8217;entre vous qui croient intimement \u00e0 la n\u00e9cessit\u00e9 de cultiver les principes de bont\u00e9 et de justice, afin qu&#8217;en tant qu&#8217;\u00e2mes de paix et esprits de lumi\u00e8re, vous puissiez revendiquer le droit \u00e0 la vie en vous-m\u00eames et dans la soci\u00e9t\u00e9.<\/span><\/span><\/span><\/h5><h5><span style=\"font-family: Verdana, sans-serif;\"><span style=\"font-size: medium;\"><span lang=\"fr-FR\">Nous accueillons tous ceux qui croient que le besoin le plus profond de tout chercheur de V\u00e9rit\u00e9 est la &#8220;connaissance de soi&#8221;, c&#8217;est-\u00e0-dire la connaissance des lois qui animent chaque \u00eatre humain et, par extension, toute la cr\u00e9ation.<\/span><\/span><\/span><\/h5><h5><span style=\"font-family: Verdana, sans-serif;\"><span style=\"font-size: medium;\"><span lang=\"fr-FR\">La Foi et la Connaissance peuvent animer chaque \u00eatre humain dans sa lutte pour se lib\u00e9rer des obstacles internes et externes \u00e0 une vie normale, afin qu&#8217;il puisse ensuite \u00eatre progressivement conduit \u00e0 la r\u00e9solution des myst\u00e8res de la Vie, tant au niveau individuel qu&#8217;universel.<\/span><\/span><\/span><\/h5><h5><span style=\"font-family: Verdana, sans-serif;\"><span style=\"font-size: medium;\"><span lang=\"fr-FR\">C&#8217;est avec ces simples mots que nous vous souhaitons la bienvenue et esp\u00e9rons que notre rencontre sera pour vous un nouveau point de d\u00e9part pour vous rapprocher de votre v\u00e9rit\u00e9 personnelle.<\/span><\/span><\/span><\/h5><h4><span style=\"font-family: Verdana, sans-serif;\"><span style=\"font-size: medium;\"><span lang=\"fr-FR\">\u00a0<\/span><\/span><\/span><\/h4>\t\t\t\t\t\t\t\t<\/div>\n\t\t\t\t<\/div>\n\t\t\t\t\t<\/div>\n\t\t\t\t<\/div>\n\t\t\t\t<\/div>\n\t\t","protected":false},"excerpt":{"rendered":"<p>Bienvenue au visiteur Nous accueillons tous ceux qui cherchent la source de la v\u00e9rit\u00e9, vous tous dont la vie a guid\u00e9 vos pas jusqu&#8217;\u00e0 notre porte,\u00a0vous tous qui souhaitez conna\u00eetre et suivre le chemin qui m\u00e8ne \u00e0 la connaissance de soi, \u00e0 la ma\u00eetrise de soi et au renoncement \u00e0 soi pour votre v\u00e9rit\u00e9 personnelle, [&hellip;]<\/p>\n","protected":false},"author":1,"featured_media":0,"parent":0,"menu_order":0,"comment_status":"closed","ping_status":"closed","template":"","meta":{"ocean_post_layout":"","ocean_both_sidebars_style":"","ocean_both_sidebars_content_width":0,"ocean_both_sidebars_sidebars_width":0,"ocean_sidebar":"","ocean_second_sidebar":"","ocean_disable_margins":"enable","ocean_add_body_class":"","ocean_shortcode_before_top_bar":"","ocean_shortcode_after_top_bar":"","ocean_shortcode_before_header":"","ocean_shortcode_after_header":"","ocean_has_shortcode":"","ocean_shortcode_after_title":"","ocean_shortcode_before_footer_widgets":"","ocean_shortcode_after_footer_widgets":"","ocean_shortcode_before_footer_bottom":"","ocean_shortcode_after_footer_bottom":"","ocean_display_top_bar":"default","ocean_display_header":"default","ocean_header_style":"","ocean_center_header_left_menu":"","ocean_custom_header_template":"","ocean_custom_logo":0,"ocean_custom_retina_logo":0,"ocean_custom_logo_max_width":0,"ocean_custom_logo_tablet_max_width":0,"ocean_custom_logo_mobile_max_width":0,"ocean_custom_logo_max_height":0,"ocean_custom_logo_tablet_max_height":0,"ocean_custom_logo_mobile_max_height":0,"ocean_header_custom_menu":"","ocean_menu_typo_font_family":"","ocean_menu_typo_font_subset":"","ocean_menu_typo_font_size":0,"ocean_menu_typo_font_size_tablet":0,"ocean_menu_typo_font_size_mobile":0,"ocean_menu_typo_font_size_unit":"px","ocean_menu_typo_font_weight":"","ocean_menu_typo_font_weight_tablet":"","ocean_menu_typo_font_weight_mobile":"","ocean_menu_typo_transform":"","ocean_menu_typo_transform_tablet":"","ocean_menu_typo_transform_mobile":"","ocean_menu_typo_line_height":0,"ocean_menu_typo_line_height_tablet":0,"ocean_menu_typo_line_height_mobile":0,"ocean_menu_typo_line_height_unit":"","ocean_menu_typo_spacing":0,"ocean_menu_typo_spacing_tablet":0,"ocean_menu_typo_spacing_mobile":0,"ocean_menu_typo_spacing_unit":"","ocean_menu_link_color":"","ocean_menu_link_color_hover":"","ocean_menu_link_color_active":"","ocean_menu_link_background":"","ocean_menu_link_hover_background":"","ocean_menu_link_active_background":"","ocean_menu_social_links_bg":"","ocean_menu_social_hover_links_bg":"","ocean_menu_social_links_color":"","ocean_menu_social_hover_links_color":"","ocean_disable_title":"default","ocean_disable_heading":"default","ocean_post_title":"","ocean_post_subheading":"","ocean_post_title_style":"","ocean_post_title_background_color":"","ocean_post_title_background":0,"ocean_post_title_bg_image_position":"","ocean_post_title_bg_image_attachment":"","ocean_post_title_bg_image_repeat":"","ocean_post_title_bg_image_size":"","ocean_post_title_height":0,"ocean_post_title_bg_overlay":0.5,"ocean_post_title_bg_overlay_color":"","ocean_disable_breadcrumbs":"default","ocean_breadcrumbs_color":"","ocean_breadcrumbs_separator_color":"","ocean_breadcrumbs_links_color":"","ocean_breadcrumbs_links_hover_color":"","ocean_display_footer_widgets":"default","ocean_display_footer_bottom":"default","ocean_custom_footer_template":"","footnotes":""},"class_list":["post-5235","page","type-page","status-publish","hentry","entry"],"_links":{"self":[{"href":"https:\/\/eon.gr\/lv\/index.php?rest_route=\/wp\/v2\/pages\/5235","targetHints":{"allow":["GET"]}}],"collection":[{"href":"https:\/\/eon.gr\/lv\/index.php?rest_route=\/wp\/v2\/pages"}],"about":[{"href":"https:\/\/eon.gr\/lv\/index.php?rest_route=\/wp\/v2\/types\/page"}],"author":[{"embeddable":true,"href":"https:\/\/eon.gr\/lv\/index.php?rest_route=\/wp\/v2\/users\/1"}],"replies":[{"embeddable":true,"href":"https:\/\/eon.gr\/lv\/index.php?rest_route=%2Fwp%2Fv2%2Fcomments&post=5235"}],"version-history":[{"count":44,"href":"https:\/\/eon.gr\/lv\/index.php?rest_route=\/wp\/v2\/pages\/5235\/revisions"}],"predecessor-version":[{"id":7900,"href":"https:\/\/eon.gr\/lv\/index.php?rest_route=\/wp\/v2\/pages\/5235\/revisions\/7900"}],"wp:attachment":[{"href":"https:\/\/eon.gr\/lv\/index.php?rest_route=%2Fwp%2Fv2%2Fmedia&parent=5235"}],"curies":[{"name":"wp","href":"https:\/\/api.w.org\/{rel}","templated":true}]}}